{"id":6078,"date":"2022-02-10T11:37:14","date_gmt":"2022-02-10T10:37:14","guid":{"rendered":"https:\/\/epic-banzai.212-83-34-7.plesk.page\/20211123_kuhrettung_wp\/?page_id=6078"},"modified":"2022-06-01T10:51:16","modified_gmt":"2022-06-01T08:51:16","slug":"faq","status":"publish","type":"page","link":"https:\/\/www.kuhrettung.de\/en\/faq\/","title":{"rendered":"FACow"},"content":{"rendered":"<div class=\"gb-container gb-container-a76c6499\"><div class=\"gb-inside-container\">\n<div class=\"gb-grid-wrapper gb-grid-wrapper-7559b467\">\n<div class=\"gb-grid-column gb-grid-column-142248bf\"><div class=\"gb-container gb-container-142248bf\"><div class=\"gb-inside-container\">\n\n<h2 class=\"gb-headline gb-headline-87ae2cbe gb-headline-text\">FACow<\/h2>\n\n\n\n<ol class=\"wp-block-list\"><li><a href=\"#warum-geben-kuehe-milch\">Why are cows producing milk?<\/a><\/li><li><a href=\"#Wie-alt-koennen-Kuehe-werden\">How long can a cow live?<\/a><\/li><li><a href=\"#patenschaft-kuehe\">How can I become a sponsor?<\/a><\/li><li><a href=\"#besuch-patenkuh\">Can I visit my sponsored cow?<\/a><\/li><li><a href=\"#naechstes-hoffest\">When will be the next farm party?<\/a><\/li><li><a href=\"#wer-lebt-noch-auf-dem-hof\">Which other animals are there on the farm?<\/a><\/li><\/ol>\n\n<\/div><\/div><\/div>\n\n<div class=\"gb-grid-column gb-grid-column-286ea90a\"><div class=\"gb-container gb-container-286ea90a\"><div class=\"gb-inside-container\">\n\n<figure class=\"wp-block-image size-full image-frame img\"><img decoding=\"async\" width=\"300\" height=\"450\" src=\"https:\/\/www.kuhrettung.de\/wp-content\/uploads\/kuh-omama-milchkuh-kuhrettung-4.jpg\" alt=\"Kuh Omama Milchkuh Kuhrettung (4)\" class=\"wp-image-5857\"\/><\/figure>\n\n<\/div><\/div><\/div>\n<\/div>\n<\/div><div class=\"gb-shapes\"><div class=\"gb-shape gb-shape-1\"><svg xmlns=\"http:\/\/www.w3.org\/2000\/svg\" viewbox=\"0 0 1200 360\" preserveaspectratio=\"none\"><path d=\"M1200 360H0V0l1200 348z\"\/><\/svg><\/div><\/div><\/div>\n\n<div class=\"gb-container gb-container-1a3b25d7\"><div class=\"gb-inside-container\">\n<div class=\"gb-container gb-container-06daf056\" id=\"warum-geben-kuehe-milch\"><div class=\"gb-inside-container\">\n\n<p><strong>1.)  Why are cows producing milk?<\/strong><\/p>\n\n\n\n<p>Milk and dairy products most often come from cows \u2013 most of us know this.<\/p>\n\n\n\n<p>All of us (as long as we are not vegans) consume products, made from milk or containing milk, daily, without giving it a thought.<\/p>\n\n\n\n<p>Very few know, how milk actually is \u201cproduced\u201d:<\/p>\n\n\n\n<ul class=\"wp-block-list\"><li>Are you aware of the fact, that today's \u201chigh performance cows\u201d only produce milk, when they are expecting a calf or just gave birth to one? So cows have to be pregnant again and again to produce milk.<\/li><li>In order to get all of the precious milk, the calves usually are separated right after birth from their mothers. This separation is traumatic for both, cow mothers and calves. Often they are mourning for weeks. We often witnessed cow mothers standing at the gate of the pasture, shouting for their calves for hours and days, even when the rest of the herd had already walked far off. Cows, like horses, are herd animals and usually will never stray far from their herd, as the herd is their protection.<\/li><li>Bull calves go into fattening soon after birth and are slaughtered; female calves will be brought up to face the same destiny as their mothers.<\/li><\/ul>\n\n<\/div><\/div>\n\n<div class=\"gb-container gb-container-b9206991\" id=\"Wie-alt-koennen-Kuehe-werden\"><div class=\"gb-inside-container\">\n\n<p><strong>2.)  How long can a cow live?<\/strong><\/p>\n\n\n\n<p>A cow can live up to 20 years. We hope, our cows will reach this age :-)<\/p>\n\n<\/div><\/div>\n\n<div class=\"gb-container gb-container-5859d13a\" id=\"patenschaft-kuehe\"><div class=\"gb-inside-container\">\n\n<p><strong>How can I become a sponsor?<\/strong><\/p>\n\n\n\n<p class=\"translation-block\">You will find sponsorship details under <a href=\"#spenden\" target=\"_self\">\u201cdonation\u201d<\/a>. There you can download a form, which you can send us via mail. Of course you can also send a scanned version via email. Until now, we are not able to offer a digital form to fill out, as your data will be handled with utmost care and safety, and we still have to take some measures, in order to transmit your data safely and coded.<\/p>\n\n\n\n<p>You will find a link to this form on every cow's page.<\/p>\n\n<\/div><\/div>\n\n<div class=\"gb-container gb-container-c8175463\" id=\"besuch-patenkuh\"><div class=\"gb-inside-container\">\n\n<p><strong>Can I visit my sponsored cow?<\/strong><\/p>\n\n\n\n<p class=\"translation-block\">Of course, you can visit the cows. As you are not allowed to enter the stable or pasture alone, we would like to ask you to make an appointment, beforehand. You can watch the cows from afar at any time from a hiking trail.<br>\nWe would be happy to welcome you to the farm parties which we organize for all our cow friends.<\/p>\n\n<\/div><\/div>\n\n<div class=\"gb-container gb-container-2c993176\" id=\"naechstes-hoffest\"><div class=\"gb-inside-container\">\n\n<p><strong>When will be the next farm party?<\/strong><\/p>\n\n\n\n<p>Unfortunately, there is no date set for the next farm party. Of course as soon as a date is fixed, it will be published on the welcome page.<\/p>\n\n<\/div><\/div>\n\n<div class=\"gb-container gb-container-e3797434\" id=\"wer-lebt-noch-auf-dem-hof\"><div class=\"gb-inside-container\">\n\n<p><strong>Which other animals are there on the farm?<\/strong><\/p>\n\n\n\n<p>Of course, our cows are not alone on the farm. Next to two dogs, cats, three chickens, a cock and two rabbits, more than 40 horses are living there.<\/p>\n\n<\/div><\/div>\n<\/div><\/div>","protected":false},"excerpt":{"rendered":"<p>1.)&nbsp; Warum geben K\u00fche Milch? Die Milch und daraus erzeugte Produkte stammen meist von der Kuh &#8211; das ist den meisten von uns bekannt. Wir alle (sofern wir nicht vegan leben) konsumieren t\u00e4glich Produkte, die aus Milch erzeugt werden oder in denen Milch enthalten ist, ohne gro\u00df dar\u00fcber nachzudenken. Die wenigsten Menschen wissen aber, wie &#8230; <a title=\"FACow\" class=\"read-more\" href=\"https:\/\/www.kuhrettung.de\/en\/faq\/\" aria-label=\"Read more about FAKuh\">Read more<\/a><\/p>","protected":false},"author":1,"featured_media":0,"parent":0,"menu_order":0,"comment_status":"closed","ping_status":"closed","template":"","meta":{"inline_featured_image":false,"footnotes":""},"class_list":{"0":"post-6078","1":"page","2":"type-page","3":"status-publish","5":"no-featured-image-padding"},"_links":{"self":[{"href":"https:\/\/www.kuhrettung.de\/en\/wp-json\/wp\/v2\/pages\/6078","targetHints":{"allow":["GET"]}}],"collection":[{"href":"https:\/\/www.kuhrettung.de\/en\/wp-json\/wp\/v2\/pages"}],"about":[{"href":"https:\/\/www.kuhrettung.de\/en\/wp-json\/wp\/v2\/types\/page"}],"author":[{"embeddable":true,"href":"https:\/\/www.kuhrettung.de\/en\/wp-json\/wp\/v2\/users\/1"}],"replies":[{"embeddable":true,"href":"https:\/\/www.kuhrettung.de\/en\/wp-json\/wp\/v2\/comments?post=6078"}],"version-history":[{"count":19,"href":"https:\/\/www.kuhrettung.de\/en\/wp-json\/wp\/v2\/pages\/6078\/revisions"}],"predecessor-version":[{"id":6299,"href":"https:\/\/www.kuhrettung.de\/en\/wp-json\/wp\/v2\/pages\/6078\/revisions\/6299"}],"wp:attachment":[{"href":"https:\/\/www.kuhrettung.de\/en\/wp-json\/wp\/v2\/media?parent=6078"}],"curies":[{"name":"wp","href":"https:\/\/api.w.org\/{rel}","templated":true}]}}