{"id":3575,"date":"2021-01-14T15:10:54","date_gmt":"2021-01-14T15:10:54","guid":{"rendered":"https:\/\/gpsites.co\/realtor\/?page_id=3575"},"modified":"2023-04-05T13:53:02","modified_gmt":"2023-04-05T11:53:02","slug":"home","status":"publish","type":"page","link":"https:\/\/www.kuhrettung.de\/en\/","title":{"rendered":"Home"},"content":{"rendered":"<div class=\"gb-container gb-container-3ebf944a\"><div class=\"gb-inside-container\">\n<div class=\"gb-grid-wrapper gb-grid-wrapper-0b65ff28\">\n<div class=\"gb-grid-column gb-grid-column-e3caf97f\"><div class=\"gb-container gb-container-e3caf97f\"><div class=\"gb-inside-container\">\n\n<h1 class=\"gb-headline gb-headline-3f2906de gb-headline-text\">Your donation or sponsorship makes cow hearts beat faster<\/h1>\n\n\n\n<p class=\"gb-headline gb-headline-4642df67 gb-headline-text\">We have been able to save many cows since 2012. Many more cows are to follow.<\/p>\n\n\n<div class=\"gb-button-wrapper gb-button-wrapper-6ed71d4a\">\n\n<a class=\"gb-button gb-button-bc98bef8 gb-button-text smooth-scroll\" href=\"#kuh-ohne-patenschaft\">Show cows for sponsorship<\/a>\n\n<\/div>\n<\/div><\/div><\/div>\n<\/div>\n<\/div><div class=\"gb-shapes\"><div class=\"gb-shape gb-shape-1\"><svg xmlns=\"http:\/\/www.w3.org\/2000\/svg\" viewbox=\"0 0 1200 234\" preserveaspectratio=\"none\"><path d=\"M0 0l40 40c40 40 120 120 200 115.6 80-4.8 160-93.1 240-111.2C560 26.7 640 80 720 88.9c80 8.6 160-26.4 240-13.3 80 13.6 160 75.2 200 106.7l40 31.1V234H0V0z\"\/><\/svg><\/div><\/div><\/div>\n\n<div class=\"gb-container gb-container-34bc0d13\"><div class=\"gb-inside-container\">\n<div class=\"gb-grid-wrapper gb-grid-wrapper-4af1892b\">\n<div class=\"gb-grid-column gb-grid-column-76c4b4ee\"><div class=\"gb-container gb-container-76c4b4ee\"><div class=\"gb-inside-container\">\n\n<h2 class=\"gb-headline gb-headline-c6ad2351 gb-headline-text\">It all started with 25 cows going to the slaughterhouse.<\/h2>\n\n\n\n<p>Our shelter for cows has existed since 2012. We took over a farm and turned it into a sanctuary for cows.<\/p>\n\n\n\n<p>We started with 11 dairy cows and 14 heifers.<br>Even the WDR dedicated a contribution to us. <\/p>\n\n\n<div class=\"gb-button-wrapper gb-button-wrapper-9832a600\">\n\n<a class=\"gb-button gb-button-10ffb6a1 gb-button-text smooth-scroll\" href=\"https:\/\/www.kuhrettung.de\/en\/videos-artikel-kuhrettung-rhein-berg-overath\/\">all press articles<\/a>\n\n<\/div>\n<\/div><\/div><\/div>\n\n<div class=\"gb-grid-column gb-grid-column-f2b0c779\"><div class=\"gb-container gb-container-f2b0c779\"><div class=\"gb-inside-container\">\n\n<figure class=\"wp-block-image size-full is-resized\"><img decoding=\"async\" src=\"https:\/\/www.kuhrettung.de\/wp-content\/uploads\/wdr-bericht-schutzhof-kuehe-rheinisch-bergischer-kreis.jpg\" alt=\"Wdr Bericht Schutzhof Kuehe Rheinisch Bergischer Kreis\" class=\"wp-image-5558\" width=\"616\" height=\"455\"\/><\/figure>\n\n<\/div><\/div><\/div>\n<\/div>\n<\/div><\/div>\n\n<div class=\"gb-container gb-container-f642de2b\" id=\"kuh-ohne-patenschaft\"><div class=\"gb-inside-container\">\n\n<h2 class=\"gb-headline gb-headline-67115116 gb-headline-text\">Muuuhh \u2013 Would you like to be our godfather?<\/h2>\n\n\n\n<h3 class=\"gb-headline gb-headline-5bd94405 gb-headline-text\">A partial sponsorship is of course possible.<\/h3>\n\n\n<ul class=\"wp-block-latest-posts__list is-grid columns-3 image-frame img wp-block-latest-posts\"><li><div class=\"wp-block-latest-posts__featured-image\"><a href=\"https:\/\/www.kuhrettung.de\/en\/writa\/\" aria-label=\"Writa\"><img decoding=\"async\" width=\"400\" height=\"300\" src=\"https:\/\/www.kuhrettung.de\/wp-content\/uploads\/kuh-writa-faerse-kuhrettung-4-400x300.jpg\" class=\"attachment-thumbnail size-thumbnail wp-post-image\" alt=\"Kuh Writa Faerse Kuhrettung (4)\" style=\"max-width:400px;max-height:400px;\" \/><\/a><\/div><a class=\"wp-block-latest-posts__post-title\" href=\"https:\/\/www.kuhrettung.de\/en\/writa\/\">Writa<\/a><div class=\"wp-block-latest-posts__post-excerpt\">F\u00e4rse\n* 03. September 2010\n-81-<\/div><\/li>\n<li><div class=\"wp-block-latest-posts__featured-image\"><a href=\"https:\/\/www.kuhrettung.de\/en\/tina\/\" aria-label=\"Tina\"><img decoding=\"async\" width=\"400\" height=\"300\" src=\"https:\/\/www.kuhrettung.de\/wp-content\/uploads\/kuh-tina-faerse-kuhrettung-3-400x300.jpg\" class=\"attachment-thumbnail size-thumbnail wp-post-image\" alt=\"Kuh Tina Faerse Kuhrettung (3)\" style=\"max-width:400px;max-height:400px;\" \/><\/a><\/div><a class=\"wp-block-latest-posts__post-title\" href=\"https:\/\/www.kuhrettung.de\/en\/tina\/\">Tina<\/a><div class=\"wp-block-latest-posts__post-excerpt\">F\u00e4rse\n* 27. Juni 2010\n-63-<\/div><\/li>\n<li><div class=\"wp-block-latest-posts__featured-image\"><a href=\"https:\/\/www.kuhrettung.de\/en\/sunny\/\" aria-label=\"Sunny\"><img decoding=\"async\" width=\"400\" height=\"300\" src=\"https:\/\/www.kuhrettung.de\/wp-content\/uploads\/kuh-sunny-faerse-kuhrettung-3-400x300.jpg\" class=\"attachment-thumbnail size-thumbnail wp-post-image\" alt=\"Kuh Sunny Faerse Kuhrettung (3)\" style=\"max-width:400px;max-height:400px;\" \/><\/a><\/div><a class=\"wp-block-latest-posts__post-title\" href=\"https:\/\/www.kuhrettung.de\/en\/sunny\/\">Sunny<\/a><div class=\"wp-block-latest-posts__post-excerpt\">F\u00e4rse\n* 31. Juli 2010\n-80-<\/div><\/li>\n<\/ul>\n\n<div class=\"gb-button-wrapper gb-button-wrapper-cd34abbc\">\n\n<a class=\"gb-button gb-button-c7019b85 gb-button-text smooth-scroll\" href=\"https:\/\/www.kuhrettung.de\/en\/blog-kuehe\/\">View all cows<\/a>\n\n<\/div>\n<\/div><div class=\"gb-shapes\"><div class=\"gb-shape gb-shape-1\"><svg xmlns=\"http:\/\/www.w3.org\/2000\/svg\" viewbox=\"0 0 1200 137.6\" preserveaspectratio=\"none\"><path d=\"M0 137.6h1200V21.9l-66.7 26.7c-66.7 26.7-200 80-333.3 66.7S533.3 21.9 400 4.2C266.7-13.9 133.3 31.1 66.7 53L0 75.3v62.3z\"\/><\/svg><\/div><div class=\"gb-shape gb-shape-2\"><svg xmlns=\"http:\/\/www.w3.org\/2000\/svg\" viewbox=\"0 0 1200 96.2\" preserveaspectratio=\"none\"><path d=\"M0 96.2h1200V72.9l-50-8.9c-50-8.6-150-26.9-250-22.2C800 46.2 700 72.9 600 64 500 55.4 400 10.4 300 1.8 200-7.1 100 19.5 50 32.9L0 46.2v50z\"\/><\/svg><\/div><\/div><\/div>\n\n<div class=\"gb-container gb-container-24d8ea33\"><div class=\"gb-inside-container\">\n<div class=\"gb-grid-wrapper gb-grid-wrapper-3308adfb\">\n<div class=\"gb-grid-column gb-grid-column-ae4139c9\"><div class=\"gb-container gb-container-ae4139c9\"><div class=\"gb-inside-container\">\n\n<h2 class=\"gb-headline gb-headline-5977cdff gb-headline-text\">\"Whole ages of love will be necessary\nto repay the animals for their services and merits to us.\u201d<\/h2>\n\n\n\n<p>A quote from Christian Morgenstern.<\/p>\n\n\n\n<p>We are pleased that you are interested in our association and we very much hope that our spotted prot\u00e9g\u00e9s will succeed in sneaking into your heart just as they have already managed to do so with us.<\/p>\n\n\n<div class=\"gb-button-wrapper gb-button-wrapper-76aaa93a\">\n\n<a class=\"gb-button gb-button-8f295bef gb-button-text smooth-scroll\" href=\"#spenden\">DONATE NOW<\/a>\n\n<\/div>\n<\/div><\/div><\/div>\n\n<div class=\"gb-grid-column gb-grid-column-b78a04ae\"><div class=\"gb-container gb-container-b78a04ae\"><div class=\"gb-inside-container\">\n<div class=\"wp-block-image image-frame img\">\n<figure class=\"aligncenter size-full\"><img decoding=\"async\" width=\"300\" height=\"450\" src=\"https:\/\/www.kuhrettung.de\/wp-content\/uploads\/kuh-omama-milchkuh-kuhrettung-2.jpg\" alt=\"Kuh Omama Milchkuh Kuhrettung (2)\" class=\"wp-image-5855\"\/><\/figure>\n<\/div>\n<\/div><\/div><\/div>\n<\/div>\n<\/div><\/div>","protected":false},"excerpt":{"rendered":"<p>Muuuhh \u2013 M\u00f6chtest du unser Pate sein? Eine Teilpatenschaft ist selbstverst\u00e4ndlich m\u00f6glich.<\/p>","protected":false},"author":1,"featured_media":0,"parent":0,"menu_order":0,"comment_status":"closed","ping_status":"closed","template":"","meta":{"inline_featured_image":false,"footnotes":""},"class_list":{"0":"post-3575","1":"page","2":"type-page","3":"status-publish","5":"no-featured-image-padding"},"_links":{"self":[{"href":"https:\/\/www.kuhrettung.de\/en\/wp-json\/wp\/v2\/pages\/3575","targetHints":{"allow":["GET"]}}],"collection":[{"href":"https:\/\/www.kuhrettung.de\/en\/wp-json\/wp\/v2\/pages"}],"about":[{"href":"https:\/\/www.kuhrettung.de\/en\/wp-json\/wp\/v2\/types\/page"}],"author":[{"embeddable":true,"href":"https:\/\/www.kuhrettung.de\/en\/wp-json\/wp\/v2\/users\/1"}],"replies":[{"embeddable":true,"href":"https:\/\/www.kuhrettung.de\/en\/wp-json\/wp\/v2\/comments?post=3575"}],"version-history":[{"count":142,"href":"https:\/\/www.kuhrettung.de\/en\/wp-json\/wp\/v2\/pages\/3575\/revisions"}],"predecessor-version":[{"id":6318,"href":"https:\/\/www.kuhrettung.de\/en\/wp-json\/wp\/v2\/pages\/3575\/revisions\/6318"}],"wp:attachment":[{"href":"https:\/\/www.kuhrettung.de\/en\/wp-json\/wp\/v2\/media?parent=3575"}],"curies":[{"name":"wp","href":"https:\/\/api.w.org\/{rel}","templated":true}]}}